{"id":3583,"date":"2024-06-04T16:32:27","date_gmt":"2024-06-04T21:32:27","guid":{"rendered":"https:\/\/azlolaser.ca\/refund_returns\/"},"modified":"2025-04-04T07:07:47","modified_gmt":"2025-04-04T11:07:47","slug":"refund_returns","status":"publish","type":"page","link":"https:\/\/azlolaser.ca\/fr\/refund_returns\/","title":{"rendered":"Politique de remboursement et de retour"},"content":{"rendered":"\t\t<div data-elementor-type=\"wp-page\" data-elementor-id=\"3583\" class=\"elementor elementor-3583 elementor-111\" data-elementor-post-type=\"page\">\n\t\t\t\t<div class=\"elementor-element elementor-element-4c794cb e-flex e-con-boxed e-con e-parent\" data-id=\"4c794cb\" data-element_type=\"container\" data-e-type=\"container\">\n\t\t\t\t\t<div class=\"e-con-inner\">\n\t\t\t\t<div class=\"elementor-element elementor-element-84de17a elementor-widget elementor-widget-heading\" data-id=\"84de17a\" data-element_type=\"widget\" data-e-type=\"widget\" data-widget_type=\"heading.default\">\n\t\t\t\t<div class=\"elementor-widget-container\">\n\t\t\t\t\t<h2 class=\"elementor-heading-title elementor-size-default\">Vue d'ensemble<\/h2>\t\t\t\t<\/div>\n\t\t\t\t<\/div>\n\t\t\t\t<div class=\"elementor-element elementor-element-6a51f6e elementor-widget elementor-widget-text-editor\" data-id=\"6a51f6e\" data-element_type=\"widget\" data-e-type=\"widget\" data-widget_type=\"text-editor.default\">\n\t\t\t\t<div class=\"elementor-widget-container\">\n\t\t\t\t\t\t\t\t\t<p>Notre politique de remboursement et de retour comporte deux \u00e9tapes. Si, apr\u00e8s 7 jours, vous n&rsquo;\u00eates pas enti\u00e8rement satisfait de votre achat, nous le reprenons, sans poser de questions. Si vous d\u00e9cidez de ne pas conserver le laser ou le dispositif d&rsquo;alimentation en fil dans les 30 jours, un remboursement vous sera accord\u00e9 selon les conditions ci-dessous. Si 30 jours se sont \u00e9coul\u00e9s depuis votre achat, nous ne pouvons pas vous proposer de remboursement ou d&rsquo;\u00e9change.<\/p>\n<p>Pour pouvoir \u00eatre retourn\u00e9, votre article doit \u00eatre dans le m\u00eame \u00e9tat que celui dans lequel vous l&rsquo;avez re\u00e7u. Nous comprenons qu&rsquo;il est possible que vous ne disposiez plus de l&#8217;emballage d&rsquo;origine.<\/p>\n<p>Tous les consommables sont des ventes finales lorsqu&rsquo;ils sont utilis\u00e9s. S&rsquo;ils sont encore dans leur emballage d&rsquo;origine et qu&rsquo;ils n&rsquo;ont pas \u00e9t\u00e9 utilis\u00e9s, ils peuvent \u00eatre renvoy\u00e9s avec l&rsquo;appareil.<\/p>\n<p>Pour effectuer votre retour, nous avons besoin d&rsquo;un re\u00e7u ou d&rsquo;une preuve d&rsquo;achat.<\/p>\n<p>Dans certaines situations, seuls des remboursements partiels sont accord\u00e9s :<\/p>\n<ul>\n<li>Tout article qui n&rsquo;est pas dans son \u00e9tat d&rsquo;origine, qui est endommag\u00e9 ou auquel il manque des pi\u00e8ces pour des raisons qui ne sont pas dues \u00e0 une erreur de notre part.<\/li>\n<li>Tout article retourn\u00e9 plus de 30 jours apr\u00e8s sa livraison<\/li>\n<\/ul>\t\t\t\t\t\t\t\t<\/div>\n\t\t\t\t<\/div>\n\t\t\t\t<div class=\"elementor-element elementor-element-a75fdca elementor-widget elementor-widget-heading\" data-id=\"a75fdca\" data-element_type=\"widget\" data-e-type=\"widget\" data-widget_type=\"heading.default\">\n\t\t\t\t<div class=\"elementor-widget-container\">\n\t\t\t\t\t<h2 class=\"elementor-heading-title elementor-size-default\">Remboursements\n<\/h2>\t\t\t\t<\/div>\n\t\t\t\t<\/div>\n\t\t\t\t<div class=\"elementor-element elementor-element-a5a90fd elementor-widget elementor-widget-text-editor\" data-id=\"a5a90fd\" data-element_type=\"widget\" data-e-type=\"widget\" data-widget_type=\"text-editor.default\">\n\t\t\t\t<div class=\"elementor-widget-container\">\n\t\t\t\t\t\t\t\t\t<p>Une fois votre retour inspect\u00e9, nous vous enverrons un e-mail pour vous informer que nous avons re\u00e7u votre article retourn\u00e9. Si vous ne le faites pas dans les 7 jours, vous recevrez un remboursement complet. En cas de refus dans les 30 jours, nous vous rembourserons int\u00e9gralement, d\u00e9duction faite des frais de location de 2 450 $. Les articles qui n&rsquo;ont pas \u00e9t\u00e9 utilis\u00e9s seront rembours\u00e9s int\u00e9gralement si la p\u00e9riode de 30 jours est \u00e9coul\u00e9e.<\/p>\n<p>Si votre demande est accept\u00e9e, votre remboursement sera trait\u00e9 et un cr\u00e9dit sera automatiquement appliqu\u00e9 \u00e0 votre carte de cr\u00e9dit ou \u00e0 votre mode de paiement initial, dans un d\u00e9lai de 10 jours ouvrables.<\/p>\n<h3 class=\"wp-block-heading\">Remboursements tardifs ou manquants<\/h3>\n<p>Si vous n&rsquo;avez pas encore re\u00e7u de remboursement, v\u00e9rifiez d&rsquo;abord votre compte bancaire.<\/p>\n<p>Contactez ensuite la soci\u00e9t\u00e9 \u00e9mettrice de votre carte de cr\u00e9dit, car il peut s&rsquo;\u00e9couler un certain temps avant que votre remboursement ne soit officiellement comptabilis\u00e9.<\/p>\n<p>Contactez ensuite votre banque. Il y a souvent un d\u00e9lai de traitement avant que le remboursement ne soit comptabilis\u00e9.<\/p>\n<p>Si vous avez fait tout cela et que vous n&rsquo;avez toujours pas re\u00e7u votre remboursement, veuillez nous contacter \u00e0 l&rsquo;adresse info@azlolaser.ca.<\/p>\n<h3 class=\"wp-block-heading\">Articles en vente<\/h3>\n<p>Seuls les articles \u00e0 prix normal peuvent \u00eatre rembours\u00e9s. Les articles sold\u00e9s ne peuvent \u00eatre rembours\u00e9s que partiellement, sauf s&rsquo;il est pr\u00e9cis\u00e9 qu&rsquo;il s&rsquo;agit d&rsquo;une vente finale lors de l&rsquo;achat.<\/p>\t\t\t\t\t\t\t\t<\/div>\n\t\t\t\t<\/div>\n\t\t\t\t<div class=\"elementor-element elementor-element-6ec8974 elementor-widget elementor-widget-heading\" data-id=\"6ec8974\" data-element_type=\"widget\" data-e-type=\"widget\" data-widget_type=\"heading.default\">\n\t\t\t\t<div class=\"elementor-widget-container\">\n\t\t\t\t\t<h2 class=\"elementor-heading-title elementor-size-default\">\u00c9changes<\/h2>\t\t\t\t<\/div>\n\t\t\t\t<\/div>\n\t\t\t\t<div class=\"elementor-element elementor-element-34b1f92 elementor-widget elementor-widget-text-editor\" data-id=\"34b1f92\" data-element_type=\"widget\" data-e-type=\"widget\" data-widget_type=\"text-editor.default\">\n\t\t\t\t<div class=\"elementor-widget-container\">\n\t\t\t\t\t\t\t\t\t<p>Nous ne rempla\u00e7ons les articles que s&rsquo;ils sont d\u00e9fectueux ou endommag\u00e9s avant leur r\u00e9ception. Si vous souhaitez l&rsquo;\u00e9changer contre le m\u00eame article, envoyez-nous un courriel \u00e0 info@azlolaser.ca.<\/p>\t\t\t\t\t\t\t\t<\/div>\n\t\t\t\t<\/div>\n\t\t\t\t<div class=\"elementor-element elementor-element-5d42e3b elementor-widget elementor-widget-heading\" data-id=\"5d42e3b\" data-element_type=\"widget\" data-e-type=\"widget\" data-widget_type=\"heading.default\">\n\t\t\t\t<div class=\"elementor-widget-container\">\n\t\t\t\t\t<h2 class=\"elementor-heading-title elementor-size-default\">Formation\n<\/h2>\t\t\t\t<\/div>\n\t\t\t\t<\/div>\n\t\t\t\t<div class=\"elementor-element elementor-element-ac4d639 elementor-widget elementor-widget-text-editor\" data-id=\"ac4d639\" data-element_type=\"widget\" data-e-type=\"widget\" data-widget_type=\"text-editor.default\">\n\t\t\t\t<div class=\"elementor-widget-container\">\n\t\t\t\t\t\t\t\t\t<p>La formation gratuite comprend 12 heures de formation r\u00e9parties sur 3 jours. Le client doit fournir un projecteur ou une t\u00e9l\u00e9vision pour que le formateur puisse pr\u00e9senter le mat\u00e9riel de formation. \u00c0 la fin du cours, tous les \u00e9tudiants seront test\u00e9s sur le d\u00e9marrage, l&rsquo;arr\u00eat et le r\u00e9glage du laser. En cas de r\u00e9ussite, les candidats recevront un dipl\u00f4me. Des frais de d\u00e9placement et d&rsquo;h\u00e9bergement seront ajout\u00e9s pour tous les clients situ\u00e9s en dehors du sud de l&rsquo;Ontario (Canada). La formation est actuellement propos\u00e9e en anglais et en fran\u00e7ais uniquement.&nbsp;<\/p>\t\t\t\t\t\t\t\t<\/div>\n\t\t\t\t<\/div>\n\t\t\t\t<div class=\"elementor-element elementor-element-213c934 elementor-widget elementor-widget-heading\" data-id=\"213c934\" data-element_type=\"widget\" data-e-type=\"widget\" data-widget_type=\"heading.default\">\n\t\t\t\t<div class=\"elementor-widget-container\">\n\t\t\t\t\t<h2 class=\"elementor-heading-title elementor-size-default\">Exp\u00e9dition\n<\/h2>\t\t\t\t<\/div>\n\t\t\t\t<\/div>\n\t\t\t\t<div class=\"elementor-element elementor-element-9dc71e8 elementor-widget elementor-widget-text-editor\" data-id=\"9dc71e8\" data-element_type=\"widget\" data-e-type=\"widget\" data-widget_type=\"text-editor.default\">\n\t\t\t\t<div class=\"elementor-widget-container\">\n\t\t\t\t\t\t\t\t\t<p>La livraison gratuite est applicable au sud de l&rsquo;Ontario seulement. Des frais suppl\u00e9mentaires peuvent \u00eatre appliqu\u00e9s en fonction du produit et de la destination. Pour plus de d\u00e9tails, renseignez-vous aupr\u00e8s de nous.<\/p>\t\t\t\t\t\t\t\t<\/div>\n\t\t\t\t<\/div>\n\t\t\t\t<div class=\"elementor-element elementor-element-aff73f1 elementor-widget elementor-widget-heading\" data-id=\"aff73f1\" data-element_type=\"widget\" data-e-type=\"widget\" data-widget_type=\"heading.default\">\n\t\t\t\t<div class=\"elementor-widget-container\">\n\t\t\t\t\t<h2 class=\"elementor-heading-title elementor-size-default\">Retour d'exp\u00e9dition\n<\/h2>\t\t\t\t<\/div>\n\t\t\t\t<\/div>\n\t\t\t\t<div class=\"elementor-element elementor-element-1864823 elementor-widget elementor-widget-text-editor\" data-id=\"1864823\" data-element_type=\"widget\" data-e-type=\"widget\" data-widget_type=\"text-editor.default\">\n\t\t\t\t<div class=\"elementor-widget-container\">\n\t\t\t\t\t\t\t\t\t<p>Pour retourner votre produit, vous devez d&rsquo;abord nous en informer \u00e0 l&rsquo;adresse info@azlolaser.ca. Nous coordonnerons l&rsquo;enl\u00e8vement et l&rsquo;inspection de votre unit\u00e9.<\/p>\n<p>Le d\u00e9lai de livraison du produit \u00e9chang\u00e9 peut varier en fonction de votre lieu de r\u00e9sidence.<\/p>\t\t\t\t\t\t\t\t<\/div>\n\t\t\t\t<\/div>\n\t\t\t\t<div class=\"elementor-element elementor-element-9423b4a elementor-widget elementor-widget-heading\" data-id=\"9423b4a\" data-element_type=\"widget\" data-e-type=\"widget\" data-widget_type=\"heading.default\">\n\t\t\t\t<div class=\"elementor-widget-container\">\n\t\t\t\t\t<h2 class=\"elementor-heading-title elementor-size-default\">Besoin d'aide ?\n<\/h2>\t\t\t\t<\/div>\n\t\t\t\t<\/div>\n\t\t\t\t<div class=\"elementor-element elementor-element-1ad975e elementor-widget elementor-widget-text-editor\" data-id=\"1ad975e\" data-element_type=\"widget\" data-e-type=\"widget\" data-widget_type=\"text-editor.default\">\n\t\t\t\t<div class=\"elementor-widget-container\">\n\t\t\t\t\t\t\t\t\t<p>Contactez-nous \u00e0 info@azlolaser pour toute question relative aux remboursements et aux retours. Veuillez indiquer votre num\u00e9ro d&rsquo;achat lorsque vous nous contactez afin de b\u00e9n\u00e9ficier d&rsquo;un service rapide.<\/p>\t\t\t\t\t\t\t\t<\/div>\n\t\t\t\t<\/div>\n\t\t\t\t\t<\/div>\n\t\t\t\t<\/div>\n\t\t\t\t<\/div>\n\t\t","protected":false},"excerpt":{"rendered":"<p>Vue d&rsquo;ensemble Notre politique de remboursement et de retour comporte deux \u00e9tapes. Si, apr\u00e8s 7 jours, vous n&rsquo;\u00eates pas enti\u00e8rement [&hellip;]<\/p>\n","protected":false},"author":2,"featured_media":0,"parent":0,"menu_order":0,"comment_status":"closed","ping_status":"closed","template":"","meta":{"_coblocks_attr":"","_coblocks_dimensions":"","_coblocks_responsive_height":"","_coblocks_accordion_ie_support":"","om_disable_all_campaigns":false,"_monsterinsights_skip_tracking":false,"_monsterinsights_sitenote_active":false,"_monsterinsights_sitenote_note":"","_monsterinsights_sitenote_category":0,"_uf_show_specific_survey":0,"_uf_disable_surveys":false,"site-sidebar-layout":"default","site-content-layout":"","ast-site-content-layout":"default","site-content-style":"default","site-sidebar-style":"default","ast-global-header-display":"","ast-banner-title-visibility":"","ast-main-header-display":"","ast-hfb-above-header-display":"","ast-hfb-below-header-display":"","ast-hfb-mobile-header-display":"","site-post-title":"disabled","ast-breadcrumbs-content":"","ast-featured-img":"","footer-sml-layout":"","ast-disable-related-posts":"","theme-transparent-header-meta":"","adv-header-id-meta":"","stick-header-meta":"","header-above-stick-meta":"","header-main-stick-meta":"","header-below-stick-meta":"","astra-migrate-meta-layouts":"default","ast-page-background-enabled":"default","ast-page-background-meta":{"desktop":{"background-color":"var(--ast-global-color-4)","background-image":"","background-repeat":"repeat","background-position":"center center","background-size":"auto","background-attachment":"scroll","background-type":"","background-media":"","overlay-type":"","overlay-color":"","overlay-opacity":"","overlay-gradient":""},"tablet":{"background-color":"","background-image":"","background-repeat":"repeat","background-position":"center center","background-size":"auto","background-attachment":"scroll","background-type":"","background-media":"","overlay-type":"","overlay-color":"","overlay-opacity":"","overlay-gradient":""},"mobile":{"background-color":"","background-image":"","background-repeat":"repeat","background-position":"center center","background-size":"auto","background-attachment":"scroll","background-type":"","background-media":"","overlay-type":"","overlay-color":"","overlay-opacity":"","overlay-gradient":""}},"ast-content-background-meta":{"desktop":{"background-color":"var(--ast-global-color-5)","background-image":"","background-repeat":"repeat","background-position":"center center","background-size":"auto","background-attachment":"scroll","background-type":"","background-media":"","overlay-type":"","overlay-color":"","overlay-opacity":"","overlay-gradient":""},"tablet":{"background-color":"var(--ast-global-color-5)","background-image":"","background-repeat":"repeat","background-position":"center center","background-size":"auto","background-attachment":"scroll","background-type":"","background-media":"","overlay-type":"","overlay-color":"","overlay-opacity":"","overlay-gradient":""},"mobile":{"background-color":"var(--ast-global-color-5)","background-image":"","background-repeat":"repeat","background-position":"center center","background-size":"auto","background-attachment":"scroll","background-type":"","background-media":"","overlay-type":"","overlay-color":"","overlay-opacity":"","overlay-gradient":""}},"footnotes":""},"class_list":["post-3583","page","type-page","status-publish","hentry"],"_links":{"self":[{"href":"https:\/\/azlolaser.ca\/fr\/wp-json\/wp\/v2\/pages\/3583","targetHints":{"allow":["GET"]}}],"collection":[{"href":"https:\/\/azlolaser.ca\/fr\/wp-json\/wp\/v2\/pages"}],"about":[{"href":"https:\/\/azlolaser.ca\/fr\/wp-json\/wp\/v2\/types\/page"}],"author":[{"embeddable":true,"href":"https:\/\/azlolaser.ca\/fr\/wp-json\/wp\/v2\/users\/2"}],"replies":[{"embeddable":true,"href":"https:\/\/azlolaser.ca\/fr\/wp-json\/wp\/v2\/comments?post=3583"}],"version-history":[{"count":0,"href":"https:\/\/azlolaser.ca\/fr\/wp-json\/wp\/v2\/pages\/3583\/revisions"}],"wp:attachment":[{"href":"https:\/\/azlolaser.ca\/fr\/wp-json\/wp\/v2\/media?parent=3583"}],"curies":[{"name":"wp","href":"https:\/\/api.w.org\/{rel}","templated":true}]}}